{"id":4012,"date":"2015-05-09T09:36:33","date_gmt":"2015-05-09T09:36:33","guid":{"rendered":"https:\/\/themes.goodlayers2.com\/hotelmaster\/modern\/?page_id=4012"},"modified":"2025-04-26T14:11:00","modified_gmt":"2025-04-26T14:11:00","slug":"magic-moments","status":"publish","type":"page","link":"https:\/\/www.magicholidays.ro\/hu\/magic-moments\/","title":{"rendered":"Magic Moments \u2013 Ahol a pillanatok eml\u00e9kk\u00e9 v\u00e1lnak"},"content":{"rendered":"","protected":false},"excerpt":{"rendered":"","protected":false},"author":1,"featured_media":4524,"parent":0,"menu_order":0,"comment_status":"closed","ping_status":"closed","template":"","meta":{"footnotes":""},"class_list":["post-4012","page","type-page","status-publish","has-post-thumbnail","hentry","page_category-all-branches"],"_links":{"self":[{"href":"https:\/\/www.magicholidays.ro\/hu\/wp-json\/wp\/v2\/pages\/4012","targetHints":{"allow":["GET"]}}],"collection":[{"href":"https:\/\/www.magicholidays.ro\/hu\/wp-json\/wp\/v2\/pages"}],"about":[{"href":"https:\/\/www.magicholidays.ro\/hu\/wp-json\/wp\/v2\/types\/page"}],"author":[{"embeddable":true,"href":"https:\/\/www.magicholidays.ro\/hu\/wp-json\/wp\/v2\/users\/1"}],"replies":[{"embeddable":true,"href":"https:\/\/\/www.magicholidays.ro\/hu\/wp-json\/wp\/v2\/comments?post=4012"}],"version-history":[{"count":10,"href":"https:\/\/www.magicholidays.ro\/hu\/wp-json\/wp\/v2\/pages\/4012\/revisions"}],"predecessor-version":[{"id":4904,"href":"https:\/\/www.magicholidays.ro\/hu\/wp-json\/wp\/v2\/pages\/4012\/revisions\/4904"}],"wp:featuredmedia":[{"embeddable":true,"href":"https:\/\/www.magicholidays.ro\/hu\/wp-json\/wp\/v2\/media\/4524"}],"wp:attachment":[{"href":"https:\/\/\/www.magicholidays.ro\/hu\/wp-json\/wp\/v2\/media?parent=4012"}],"curies":[{"name":"wp","href":"https:\/\/api.w.org\/{rel}","templated":true}]}}