{"id":3720,"date":"2015-03-31T10:26:01","date_gmt":"2015-03-31T10:26:01","guid":{"rendered":"https:\/\/themes.goodlayers2.com\/hotelmaster\/?page_id=3720"},"modified":"2025-04-26T14:19:26","modified_gmt":"2025-04-26T14:19:26","slug":"homepage","status":"publish","type":"page","link":"https:\/\/www.magicholidays.ro\/hu\/","title":{"rendered":"Homepage"},"content":{"rendered":"<div data-elementor-type=\"wp-page\" data-elementor-id=\"3720\" class=\"elementor elementor-3720\">\n\t\t\t\t<div class=\"elementor-element elementor-element-34026d0 e-con-full e-flex e-con e-parent\" data-id=\"34026d0\" data-element_type=\"container\">\n\t\t\t\t<\/div>\n\t\t<div class=\"elementor-element elementor-element-4aeea2b e-con-full e-flex e-con e-parent\" data-id=\"4aeea2b\" data-element_type=\"container\">\n\t\t\t\t<div class=\"elementor-element elementor-element-2e77796 check-holder elementor-widget elementor-widget-hotel-room-avilability\" data-id=\"2e77796\" data-element_type=\"widget\" data-widget_type=\"hotel-room-avilability.default\">\n\t\t\t\t<div class=\"elementor-widget-container\">\n\t\t\t\t\t<div class=\"gdlr-hotel-availability-wrapper gdlr-hotel-branches-enable gdlr-hotel-client-disable gdlr-style-classic\"  ><form class=\"gdlr-hotel-availability gdlr-item\" id=\"gdlr-hotel-availability\" method=\"post\" action=\"https:\/\/\/www.magicholidays.ro\/hu\/?booking\" data-trp-original-action=\"https:\/\/\/www.magicholidays.ro\/hu\/?booking\" ><div class=\"gdlr-reservation-field gdlr-resv-branches-combobox\"><span class=\"gdlr-reservation-field-title\">Hotel Branches<\/span><div class=\"gdlr-combobox-wrapper\"><select name=\"gdlr-hotel-branches\" id=\"gdlr-hotel-branches\" ><option value=\"\" >Please select hotel branch<\/option><option value=\"90\"  >Magic Lake<\/option><option value=\"88\"  >Magic Moments<\/option><option value=\"89\"  >Magic Village<\/option><\/select><\/div><div id=\"please-select-branches\" >* Please select branch<\/div><\/div><div class=\"gdlr-reservation-field gdlr-resv-datepicker\"><span class=\"gdlr-reservation-field-title\">Check In<\/span><div class=\"gdlr-datepicker-wrapper\"><input type=\"text\"  id=\"gdlr-check-in\" class=\"gdlr-datepicker\" data-current-date=\"2026-05-05\" autocomplete=\"off\" data-dfm=\"d M yy\" data-block=\"[]\" value=\"2026-05-05\" \/><input type=\"hidden\" class=\"gdlr-datepicker-alt\" name=\"gdlr-check-in\" autocomplete=\"off\" value=\"2026-05-05\" \/><\/div><\/div><div class=\"gdlr-reservation-field gdlr-resv-combobox\"><span class=\"gdlr-reservation-field-title\">Nights<\/span><div class=\"gdlr-combobox-wrapper\"><select name=\"gdlr-night\" id=\"gdlr-night\" ><option value=\"1\" selected>1<\/option><option value=\"2\"  >2<\/option><option value=\"3\"  >3<\/option><option value=\"4\"  >4<\/option><option value=\"5\"  >5<\/option><option value=\"6\"  >6<\/option><option value=\"7\"  >7<\/option><option value=\"8\"  >8<\/option><option value=\"9\"  >9<\/option><\/select><\/div><\/div><div class=\"gdlr-reservation-field gdlr-resv-datepicker\"><span class=\"gdlr-reservation-field-title\">Check Out<\/span><div class=\"gdlr-datepicker-wrapper\"><input type=\"text\"  id=\"gdlr-check-out\" class=\"gdlr-datepicker\" data-current-date=\"2026-05-05\" autocomplete=\"off\" data-min-night=\"1\" data-dfm=\"d M yy\" data-block=\"[]\" value=\"2026-05-06\" \/><input type=\"hidden\" class=\"gdlr-datepicker-alt\" name=\"gdlr-check-out\" autocomplete=\"off\" value=\"2026-05-06\" \/><\/div><\/div><input type=\"hidden\" name=\"gdlr-adult-number[]\" value=\"1\" \/><input type=\"hidden\" name=\"gdlr-children-number[]\" value=\"0\" \/><div class=\"gdlr-hotel-availability-submit\" ><input type=\"hidden\" name=\"hotel_data\" value=\"1\" ><input type=\"hidden\" name=\"gdlr-room-number\" value=\"1\" \/><input type=\"submit\" class=\"gdlr-reservation-bar-button gdlr-button with-border\" value=\"Check Availability\" ><\/div><div class=\"clear\"><\/div><input type=\"hidden\" name=\"trp-form-language\" value=\"hu\"\/><\/form><\/div>\t\t\t\t<\/div>\n\t\t\t\t<\/div>\n\t\t\t\t<\/div>\n\t\t<div class=\"elementor-element elementor-element-1535e65 e-grid e-con-full e-con e-parent\" data-id=\"1535e65\" data-element_type=\"container\">\n\t\t\t\t<div class=\"elementor-element elementor-element-00b679b elementor-widget elementor-widget-image\" data-id=\"00b679b\" data-element_type=\"widget\" data-widget_type=\"image.default\">\n\t\t\t\t<div class=\"elementor-widget-container\">\n\t\t\t\t\t\t\t\t\t\t\t\t\t\t\t\t<a href=\"\/hu\/magic-moments\/\">\n\t\t\t\t\t\t\t<img fetchpriority=\"high\" decoding=\"async\" width=\"960\" height=\"680\" src=\"https:\/\/www.magicholidays.ro\/wp-content\/uploads\/2024\/07\/magicMoments-1024x725.jpg\" class=\"attachment-large size-large wp-image-4287\" alt=\"\" srcset=\"https:\/\/www.magicholidays.ro\/wp-content\/uploads\/2024\/07\/magicMoments-1024x725.jpg 1024w, https:\/\/www.magicholidays.ro\/wp-content\/uploads\/2024\/07\/magicMoments-300x212.jpg 300w, https:\/\/www.magicholidays.ro\/wp-content\/uploads\/2024\/07\/magicMoments-768x544.jpg 768w, https:\/\/www.magicholidays.ro\/wp-content\/uploads\/2024\/07\/magicMoments.jpg 1170w\" sizes=\"(max-width: 960px) 100vw, 960px\" \/>\t\t\t\t\t\t\t\t<\/a>\n\t\t\t\t\t\t\t\t\t\t\t\t\t\t\t<\/div>\n\t\t\t\t<\/div>\n\t\t\t\t<div class=\"elementor-element elementor-element-2c53d4b elementor-widget elementor-widget-image\" data-id=\"2c53d4b\" data-element_type=\"widget\" data-widget_type=\"image.default\">\n\t\t\t\t<div class=\"elementor-widget-container\">\n\t\t\t\t\t\t\t\t\t\t\t\t\t\t\t\t<a href=\"\/hu\/magic-village\/\">\n\t\t\t\t\t\t\t<img decoding=\"async\" width=\"960\" height=\"680\" src=\"https:\/\/www.magicholidays.ro\/wp-content\/uploads\/2024\/07\/magicVillage-1024x725.jpg\" class=\"attachment-large size-large wp-image-4288\" alt=\"\" srcset=\"https:\/\/www.magicholidays.ro\/wp-content\/uploads\/2024\/07\/magicVillage-1024x725.jpg 1024w, https:\/\/www.magicholidays.ro\/wp-content\/uploads\/2024\/07\/magicVillage-300x212.jpg 300w, https:\/\/www.magicholidays.ro\/wp-content\/uploads\/2024\/07\/magicVillage-768x544.jpg 768w, https:\/\/www.magicholidays.ro\/wp-content\/uploads\/2024\/07\/magicVillage.jpg 1170w\" sizes=\"(max-width: 960px) 100vw, 960px\" \/>\t\t\t\t\t\t\t\t<\/a>\n\t\t\t\t\t\t\t\t\t\t\t\t\t\t\t<\/div>\n\t\t\t\t<\/div>\n\t\t\t\t<div class=\"elementor-element elementor-element-66eacf3 elementor-widget elementor-widget-image\" data-id=\"66eacf3\" data-element_type=\"widget\" data-widget_type=\"image.default\">\n\t\t\t\t<div class=\"elementor-widget-container\">\n\t\t\t\t\t\t\t\t\t\t\t\t\t\t\t\t<a href=\"\/hu\/magic-lake\/\">\n\t\t\t\t\t\t\t<img decoding=\"async\" width=\"960\" height=\"680\" src=\"https:\/\/www.magicholidays.ro\/wp-content\/uploads\/2024\/07\/magicLake-1024x725.jpg\" class=\"attachment-large size-large wp-image-4286\" alt=\"\" srcset=\"https:\/\/www.magicholidays.ro\/wp-content\/uploads\/2024\/07\/magicLake-1024x725.jpg 1024w, https:\/\/www.magicholidays.ro\/wp-content\/uploads\/2024\/07\/magicLake-300x212.jpg 300w, https:\/\/www.magicholidays.ro\/wp-content\/uploads\/2024\/07\/magicLake-768x544.jpg 768w, https:\/\/www.magicholidays.ro\/wp-content\/uploads\/2024\/07\/magicLake.jpg 1170w\" sizes=\"(max-width: 960px) 100vw, 960px\" \/>\t\t\t\t\t\t\t\t<\/a>\n\t\t\t\t\t\t\t\t\t\t\t\t\t\t\t<\/div>\n\t\t\t\t<\/div>\n\t\t\t\t<\/div>\n\t\t<div class=\"elementor-element elementor-element-cbf5e01 e-flex e-con-boxed e-con e-parent\" data-id=\"cbf5e01\" data-element_type=\"container\">\n\t\t\t\t\t<div class=\"e-con-inner\">\n\t\t\t\t<div class=\"elementor-element elementor-element-5781523 elementor-widget elementor-widget-heading\" data-id=\"5781523\" data-element_type=\"widget\" data-widget_type=\"heading.default\">\n\t\t\t\t<div class=\"elementor-widget-container\">\n\t\t\t\t\t<h2 class=\"elementor-heading-title elementor-size-default\">Szabadid\u0151? N\u00e1lunk az is var\u00e1zslatos!<\/h2>\t\t\t\t<\/div>\n\t\t\t\t<\/div>\n\t\t\t\t<div class=\"elementor-element elementor-element-3f6b678 elementor-widget-divider--view-line elementor-widget elementor-widget-divider\" data-id=\"3f6b678\" data-element_type=\"widget\" data-widget_type=\"divider.default\">\n\t\t\t\t<div class=\"elementor-widget-container\">\n\t\t\t\t\t\t\t<div class=\"elementor-divider\">\n\t\t\t<span class=\"elementor-divider-separator\">\n\t\t\t\t\t\t<\/span>\n\t\t<\/div>\n\t\t\t\t\t\t<\/div>\n\t\t\t\t<\/div>\n\t\t\t\t<div class=\"elementor-element elementor-element-d6ab6ef elementor-widget elementor-widget-text-editor\" data-id=\"d6ab6ef\" data-element_type=\"widget\" data-widget_type=\"text-editor.default\">\n\t\t\t\t<div class=\"elementor-widget-container\">\n\t\t\t\t\t\t\t\t\t<p>A Magic Holidays-ben a pihen\u00e9s nem azt jelenti, hogy unatkozol \u2013 \u00e9pp ellenkez\u0151leg! N\u00e1lunk a term\u00e9szet k\u00f6zels\u00e9ge, a vid\u00e9k nyugalma vagy a szabadid\u0151s, kultur\u00e1lis \u00e9s sz\u00f3rakoztat\u00f3 lehet\u0151s\u00e9gek igazi \u00e9lm\u00e9nyekkel t\u00f6ltik ki az id\u0151det.<\/p><p>Bring\u00e1ra pattanva bej\u00e1rhatod a k\u00f6rny\u00e9k var\u00e1zslatos t\u00e1jait, az Olt foly\u00f3 g\u00e1tj\u00e1n kialak\u00edtott bicikli\u00faton pedig egyszerre \u00e9lvezheted a friss leveg\u0151t \u00e9s a t\u00e1jat. Ha m\u00e1s \u00e9lm\u00e9nyre v\u00e1gyn\u00e1l, akkor a k\u00f6zeli lovard\u00e1ban nyeregbe \u00fclhetsz. Sepsiszentgy\u00f6rgy\u00f6n pedig a kult\u00fara, k\u00e1v\u00e9z\u00f3k, rendezv\u00e9nyek \u00e9s j\u00f3 hangulat csak egy ugr\u00e1sra vannak.<\/p><p>Ha csak egy j\u00f3 t\u00e1rsasj\u00e1t\u00e9kos vagy buliz\u00f3s est\u00e9re v\u00e1gysz \u2013 itt minden adott, hogy \u00fagy kapcsol\u00f3dj ki, ahogy csak szeretn\u00e9l. A ny\u00e1ri est\u00e9ken pedig a d\u00e9zsa, szauna, fedett filag\u00f3ria, a kerti s\u00fct\u00f6get\u00e9s (bogr\u00e1cs, grill, t\u0171zrak\u00f3hely) teszi teljess\u00e9 az \u00e9lm\u00e9nyt.<\/p>\t\t\t\t\t\t\t\t<\/div>\n\t\t\t\t<\/div>\n\t\t\t\t\t<\/div>\n\t\t\t\t<\/div>\n\t\t<div class=\"elementor-element elementor-element-382fabf e-flex e-con-boxed e-con e-parent\" data-id=\"382fabf\" data-element_type=\"container\" data-settings=\"{&quot;background_background&quot;:&quot;classic&quot;}\">\n\t\t\t\t\t<div class=\"e-con-inner\">\n\t\t\t\t<div class=\"elementor-element elementor-element-f43cf4c elementor-widget elementor-widget-heading\" data-id=\"f43cf4c\" data-element_type=\"widget\" data-widget_type=\"heading.default\">\n\t\t\t\t<div class=\"elementor-widget-container\">\n\t\t\t\t\t<h2 class=\"elementor-heading-title elementor-size-default\">Mi\u00e9rt v\u00e1laszd a Magic Holidays k\u00f6rny\u00e9k\u00e9t?<\/h2>\t\t\t\t<\/div>\n\t\t\t\t<\/div>\n\t\t\t\t<div class=\"elementor-element elementor-element-2e92ffc elementor-widget-divider--view-line elementor-widget elementor-widget-divider\" data-id=\"2e92ffc\" data-element_type=\"widget\" data-widget_type=\"divider.default\">\n\t\t\t\t<div class=\"elementor-widget-container\">\n\t\t\t\t\t\t\t<div class=\"elementor-divider\">\n\t\t\t<span class=\"elementor-divider-separator\">\n\t\t\t\t\t\t<\/span>\n\t\t<\/div>\n\t\t\t\t\t\t<\/div>\n\t\t\t\t<\/div>\n\t\t\t\t<div class=\"elementor-element elementor-element-6a7d807 elementor-icon-list--layout-traditional elementor-list-item-link-full_width elementor-widget elementor-widget-icon-list\" data-id=\"6a7d807\" data-element_type=\"widget\" data-widget_type=\"icon-list.default\">\n\t\t\t\t<div class=\"elementor-widget-container\">\n\t\t\t\t\t\t\t<ul class=\"elementor-icon-list-items\">\n\t\t\t\t\t\t\t<li class=\"elementor-icon-list-item\">\n\t\t\t\t\t\t\t\t\t\t<span class=\"elementor-icon-list-text\">- Akt\u00edv szabadid\u0151s lehet\u0151s\u00e9gek: ker\u00e9kp\u00e1rb\u00e9rl\u00e9s \u00e9s bicikli\u00fat, lovagl\u00e1si lehet\u0151s\u00e9g a k\u00f6zeli lovard\u00e1ban<\/span>\n\t\t\t\t\t\t\t\t\t<\/li>\n\t\t\t\t\t\t\t\t<li class=\"elementor-icon-list-item\">\n\t\t\t\t\t\t\t\t\t\t<span class=\"elementor-icon-list-text\">- Kultur\u00e1lis, szabadid\u0151s, sz\u00f3rakoztat\u00f3 programok Sepsiszentgy\u00f6rgy\u00f6n<\/span>\n\t\t\t\t\t\t\t\t\t<\/li>\n\t\t\t\t\t\t\t\t<li class=\"elementor-icon-list-item\">\n\t\t\t\t\t\t\t\t\t\t<span class=\"elementor-icon-list-text\">- Wellness &amp; chill: d\u00e9zsa \u00e9s szauna<\/span>\n\t\t\t\t\t\t\t\t\t<\/li>\n\t\t\t\t\t\t\t\t<li class=\"elementor-icon-list-item\">\n\t\t\t\t\t\t\t\t\t\t<span class=\"elementor-icon-list-text\">- Kerti s\u00fct\u00f6get\u00e9s, grillez\u00e9s, t\u0171zrak\u00f3helyek<\/span>\n\t\t\t\t\t\t\t\t\t<\/li>\n\t\t\t\t\t\t\t\t<li class=\"elementor-icon-list-item\">\n\t\t\t\t\t\t\t\t\t\t<span class=\"elementor-icon-list-text\">- T\u00f6k\u00e9letes v\u00e1laszt\u00e1s a term\u00e9szet, a pihen\u00e9s a buliz\u00e1s \u00e9s a helyi kult\u00fara felfedez\u00e9s\u00e9re<\/span>\n\t\t\t\t\t\t\t\t\t<\/li>\n\t\t\t\t\t\t\t\t<li class=\"elementor-icon-list-item\">\n\t\t\t\t\t\t\t\t\t\t<span class=\"elementor-icon-list-text\">Mi t\u00e9nyleg azt szeretn\u00e9nk, hogy amikor innen hazam\u00e9sz, ne csak kipihent legy\u00e9l \u2013 hanem felt\u00f6lt\u0151dve, inspir\u00e1lva, mosollyal az arcodon. Hogy amikor eszedbe jut a n\u00e1lunk t\u00f6lt\u00f6tt id\u0151, azt mondd: <b>\u201eEz t\u00e9nyleg var\u00e1zslatos volt.\"<\/b><\/span>\n\t\t\t\t\t\t\t\t\t<\/li>\n\t\t\t\t\t\t<\/ul>\n\t\t\t\t\t\t<\/div>\n\t\t\t\t<\/div>\n\t\t\t\t\t<\/div>\n\t\t\t\t<\/div>\n\t\t<div class=\"elementor-element elementor-element-6d135aa elementor-hidden-desktop elementor-hidden-tablet elementor-hidden-mobile e-flex e-con-boxed e-con e-parent\" data-id=\"6d135aa\" data-element_type=\"container\">\n\t\t\t\t\t<div class=\"e-con-inner\">\n\t\t\t\t<div class=\"elementor-element elementor-element-15160a4 elementor-widget elementor-widget-heading\" data-id=\"15160a4\" data-element_type=\"widget\" data-widget_type=\"heading.default\">\n\t\t\t\t<div class=\"elementor-widget-container\">\n\t\t\t\t\t<h2 class=\"elementor-heading-title elementor-size-default\">Helyi l\u00e1tv\u00e1nyoss\u00e1gok<\/h2>\t\t\t\t<\/div>\n\t\t\t\t<\/div>\n\t\t\t\t<div class=\"elementor-element elementor-element-84dcdda elementor-widget elementor-widget-hotelmaster-blog\" data-id=\"84dcdda\" data-element_type=\"widget\" data-widget_type=\"hotelmaster-blog.default\">\n\t\t\t\t<div class=\"elementor-widget-container\">\n\t\t\t\t\t<div class=\"blog-item-wrapper\"  ><div class=\"blog-item-holder\"><div class=\"gdlr-item gdlr-blog-medium\"><div class=\"gdlr-ux gdlr-blog-medium-ux\">\n<article id=\"post-2255\" class=\"post-2255 post type-post status-publish format-standard has-post-thumbnail hentry category-post-slider tag-blog tag-life-style\">\n\t<div class=\"gdlr-standard-style\">\n\t\t\t\t<div class=\"gdlr-blog-thumbnail\">\n\t\t\t<a href=\"https:\/\/www.magicholidays.ro\/hu\/2014\/03\/21\/sem-porta-mollis-parturient\/\"> <img loading=\"lazy\" decoding=\"async\" src=\"https:\/\/www.magicholidays.ro\/wp-content\/uploads\/2015\/03\/Fotolia_33275049_Subscription_Monthly_XXL1.jpg\" alt=\"\" width=\"1000\" height=\"667\" \/><\/a>\t\t<\/div>\n\t\t\t<div class=\"blog-date-wrapper gdlr-title-font\">\n\t\t\t<span class=\"blog-date-day\">21<\/span>\n\t\t\t<span class=\"blog-date-month\">m\u00e1rc<\/span>\n\t\t<\/div>\n\t\t\n\t\t<div class=\"gdlr-blog-content-wrapper\">\n\t\t\t<header class=\"post-header\">\n\t\t\t\t<div class=\"gdlr-blog-info gdlr-info\"><div class=\"blog-info blog-author\"><i class=\"fa fa-pencil\"><\/i><a href=\"https:\/\/www.magicholidays.ro\/hu\/author\/user\/\" title=\"user bejegyz\u00e9se\" rel=\"author\">user<\/a><\/div><div class=\"blog-info blog-comment\"><i class=\"fa fa-comment-o\"><\/i><a href=\"https:\/\/www.magicholidays.ro\/hu\/2014\/03\/21\/sem-porta-mollis-parturient\/#respond\" >0<\/a><\/div><div class=\"blog-info blog-category\"><i class=\"fa fa-folder-open-o\"><\/i><a href=\"https:\/\/www.magicholidays.ro\/hu\/category\/post-slider\/\" rel=\"tag\">Post Slider<\/a><\/div><div class=\"clear\"><\/div><\/div>\t\t\t\n\t\t\t\t\t\t\t\t\t<h3 class=\"gdlr-blog-title\"><a href=\"https:\/\/www.magicholidays.ro\/hu\/2014\/03\/21\/sem-porta-mollis-parturient\/\">Sem Porta Mollis Parturient<\/a><\/h3>\n\t\t\t\t\t\n\t\t\t\t<div class=\"clear\"><\/div>\n\t\t\t<\/header><!-- entry-header -->\n\n\t\t\t<div class=\"gdlr-blog-content\">Lorem ipsum dolor sit amet, consectetur adipisici elit, sed eiusmod tempor incidunt ut labore et dolore magna aliqua. Idque Caesaris... <div class=\"clear\"><\/div><a href=\"https:\/\/www.magicholidays.ro\/hu\/2014\/03\/21\/sem-porta-mollis-parturient\/\" class=\"excerpt-read-more\">Continue Reading<i class=\"fa fa-long-arrow-right icon-long-arrow-right\"><\/i><\/a><\/div>\t\t<\/div>\n\t\t<div class=\"clear\"><\/div>\n\t<\/div>\n<\/article><!-- #post --><\/div><\/div><div class=\"gdlr-item gdlr-blog-medium\"><div class=\"gdlr-ux gdlr-blog-medium-ux\">\n<article id=\"post-2254\" class=\"post-2254 post type-post status-publish format-standard has-post-thumbnail hentry category-post-slider tag-blog tag-life-style\">\n\t<div class=\"gdlr-standard-style\">\n\t\t\t\t<div class=\"gdlr-blog-thumbnail\">\n\t\t\t<a href=\"https:\/\/www.magicholidays.ro\/hu\/2014\/03\/21\/nullam-lorem-mattis-purus\/\"> <img loading=\"lazy\" decoding=\"async\" src=\"https:\/\/www.magicholidays.ro\/wp-content\/uploads\/2015\/03\/photodune-396585-spa-m1.jpg\" alt=\"\" width=\"1180\" height=\"787\" \/><\/a>\t\t<\/div>\n\t\t\t<div class=\"blog-date-wrapper gdlr-title-font\">\n\t\t\t<span class=\"blog-date-day\">21<\/span>\n\t\t\t<span class=\"blog-date-month\">m\u00e1rc<\/span>\n\t\t<\/div>\n\t\t\n\t\t<div class=\"gdlr-blog-content-wrapper\">\n\t\t\t<header class=\"post-header\">\n\t\t\t\t<div class=\"gdlr-blog-info gdlr-info\"><div class=\"blog-info blog-author\"><i class=\"fa fa-pencil\"><\/i><a href=\"https:\/\/www.magicholidays.ro\/hu\/author\/user\/\" title=\"user bejegyz\u00e9se\" rel=\"author\">user<\/a><\/div><div class=\"blog-info blog-comment\"><i class=\"fa fa-comment-o\"><\/i><a href=\"https:\/\/www.magicholidays.ro\/hu\/2014\/03\/21\/nullam-lorem-mattis-purus\/#respond\" >0<\/a><\/div><div class=\"blog-info blog-category\"><i class=\"fa fa-folder-open-o\"><\/i><a href=\"https:\/\/www.magicholidays.ro\/hu\/category\/post-slider\/\" rel=\"tag\">Post Slider<\/a><\/div><div class=\"clear\"><\/div><\/div>\t\t\t\n\t\t\t\t\t\t\t\t\t<h3 class=\"gdlr-blog-title\"><a href=\"https:\/\/www.magicholidays.ro\/hu\/2014\/03\/21\/nullam-lorem-mattis-purus\/\">Nullam Lorem Mattis Purus<\/a><\/h3>\n\t\t\t\t\t\n\t\t\t\t<div class=\"clear\"><\/div>\n\t\t\t<\/header><!-- entry-header -->\n\n\t\t\t<div class=\"gdlr-blog-content\">Lorem ipsum dolor sit amet, consectetur adipisici elit, sed eiusmod tempor incidunt ut labore et dolore magna aliqua. Idque Caesaris... <div class=\"clear\"><\/div><a href=\"https:\/\/www.magicholidays.ro\/hu\/2014\/03\/21\/nullam-lorem-mattis-purus\/\" class=\"excerpt-read-more\">Continue Reading<i class=\"fa fa-long-arrow-right icon-long-arrow-right\"><\/i><\/a><\/div>\t\t<\/div>\n\t\t<div class=\"clear\"><\/div>\n\t<\/div>\n<\/article><!-- #post --><\/div><\/div><div class=\"gdlr-item gdlr-blog-medium\"><div class=\"gdlr-ux gdlr-blog-medium-ux\">\n<article id=\"post-2249\" class=\"post-2249 post type-post status-publish format-standard has-post-thumbnail hentry category-post-slider tag-blog tag-life-style\">\n\t<div class=\"gdlr-standard-style\">\n\t\t\t\t<div class=\"gdlr-blog-thumbnail\">\n\t\t\t<a href=\"https:\/\/www.magicholidays.ro\/hu\/2014\/03\/21\/nibh-sem-sit-ullamcorper\/\"> <img loading=\"lazy\" decoding=\"async\" src=\"https:\/\/www.magicholidays.ro\/wp-content\/uploads\/2015\/03\/photodune-2673580-brown-sofas-the-lobby-m1.jpg\" alt=\"\" width=\"1180\" height=\"787\" \/><\/a>\t\t<\/div>\n\t\t\t<div class=\"blog-date-wrapper gdlr-title-font\">\n\t\t\t<span class=\"blog-date-day\">21<\/span>\n\t\t\t<span class=\"blog-date-month\">m\u00e1rc<\/span>\n\t\t<\/div>\n\t\t\n\t\t<div class=\"gdlr-blog-content-wrapper\">\n\t\t\t<header class=\"post-header\">\n\t\t\t\t<div class=\"gdlr-blog-info gdlr-info\"><div class=\"blog-info blog-author\"><i class=\"fa fa-pencil\"><\/i><a href=\"https:\/\/www.magicholidays.ro\/hu\/author\/user\/\" title=\"user bejegyz\u00e9se\" rel=\"author\">user<\/a><\/div><div class=\"blog-info blog-comment\"><i class=\"fa fa-comment-o\"><\/i><a href=\"https:\/\/www.magicholidays.ro\/hu\/2014\/03\/21\/nibh-sem-sit-ullamcorper\/#respond\" >0<\/a><\/div><div class=\"blog-info blog-category\"><i class=\"fa fa-folder-open-o\"><\/i><a href=\"https:\/\/www.magicholidays.ro\/hu\/category\/post-slider\/\" rel=\"tag\">Post Slider<\/a><\/div><div class=\"clear\"><\/div><\/div>\t\t\t\n\t\t\t\t\t\t\t\t\t<h3 class=\"gdlr-blog-title\"><a href=\"https:\/\/www.magicholidays.ro\/hu\/2014\/03\/21\/nibh-sem-sit-ullamcorper\/\">Nibh Sem Sit Ullamcorper<\/a><\/h3>\n\t\t\t\t\t\n\t\t\t\t<div class=\"clear\"><\/div>\n\t\t\t<\/header><!-- entry-header -->\n\n\t\t\t<div class=\"gdlr-blog-content\">Lorem ipsum dolor sit amet, consectetur adipisici elit, sed eiusmod tempor incidunt ut labore et dolore magna aliqua. Idque Caesaris... <div class=\"clear\"><\/div><a href=\"https:\/\/www.magicholidays.ro\/hu\/2014\/03\/21\/nibh-sem-sit-ullamcorper\/\" class=\"excerpt-read-more\">Continue Reading<i class=\"fa fa-long-arrow-right icon-long-arrow-right\"><\/i><\/a><\/div>\t\t<\/div>\n\t\t<div class=\"clear\"><\/div>\n\t<\/div>\n<\/article><!-- #post --><\/div><\/div><div class=\"gdlr-item gdlr-blog-medium\"><div class=\"gdlr-ux gdlr-blog-medium-ux\">\n<article id=\"post-852\" class=\"post-852 post type-post status-publish format-standard has-post-thumbnail hentry category-fit-row tag-blog tag-life-style\">\n\t<div class=\"gdlr-standard-style\">\n\t\t\t\t<div class=\"gdlr-blog-thumbnail\">\n\t\t\t<a href=\"https:\/\/www.magicholidays.ro\/hu\/2013\/12\/03\/donec-luctus-imperdiet\/\"> <img loading=\"lazy\" decoding=\"async\" src=\"https:\/\/www.magicholidays.ro\/wp-content\/uploads\/2015\/03\/photodune-3290449-concierges-holding-the-cart-and-posing-m1.jpg\" alt=\"\" width=\"1180\" height=\"785\" \/><\/a>\t\t<\/div>\n\t\t\t<div class=\"blog-date-wrapper gdlr-title-font\">\n\t\t\t<span class=\"blog-date-day\">3<\/span>\n\t\t\t<span class=\"blog-date-month\">dec<\/span>\n\t\t<\/div>\n\t\t\n\t\t<div class=\"gdlr-blog-content-wrapper\">\n\t\t\t<header class=\"post-header\">\n\t\t\t\t<div class=\"gdlr-blog-info gdlr-info\"><div class=\"blog-info blog-author\"><i class=\"fa fa-pencil\"><\/i><a href=\"https:\/\/www.magicholidays.ro\/hu\/author\/user\/\" title=\"user bejegyz\u00e9se\" rel=\"author\">user<\/a><\/div><div class=\"blog-info blog-comment\"><i class=\"fa fa-comment-o\"><\/i><a href=\"https:\/\/www.magicholidays.ro\/hu\/2013\/12\/03\/donec-luctus-imperdiet\/#respond\" >2<\/a><\/div><div class=\"blog-info blog-category\"><i class=\"fa fa-folder-open-o\"><\/i><a href=\"https:\/\/www.magicholidays.ro\/hu\/category\/fit-row\/\" rel=\"tag\">Fit Row<\/a><\/div><div class=\"clear\"><\/div><\/div>\t\t\t\n\t\t\t\t\t\t\t\t\t<h3 class=\"gdlr-blog-title\"><a href=\"https:\/\/www.magicholidays.ro\/hu\/2013\/12\/03\/donec-luctus-imperdiet\/\">Donec luctus imperdiet<\/a><\/h3>\n\t\t\t\t\t\n\t\t\t\t<div class=\"clear\"><\/div>\n\t\t\t<\/header><!-- entry-header -->\n\n\t\t\t<div class=\"gdlr-blog-content\">Lorem ipsum dolor sit amet, consectetur adipisici elit, sed eiusmod tempor incidunt ut labore et dolore magna aliqua. Idque Caesaris... <div class=\"clear\"><\/div><a href=\"https:\/\/www.magicholidays.ro\/hu\/2013\/12\/03\/donec-luctus-imperdiet\/\" class=\"excerpt-read-more\">Continue Reading<i class=\"fa fa-long-arrow-right icon-long-arrow-right\"><\/i><\/a><\/div>\t\t<\/div>\n\t\t<div class=\"clear\"><\/div>\n\t<\/div>\n<\/article><!-- #post --><\/div><\/div><\/div><\/div>\t\t\t\t<script>\r\n\t\t\t\t\t(function($){\r\n\t\t\t\t\t\t$(document).ready(function(){\r\n\t\t\t\t\t\t\t$('.flexslider').gdlr_flexslider();\r\n\t\t\t\t\t\t});\r\n\t\t\t\t\t})(jQuery);\r\n\t\t\t\t<\/script>\r\n\t\t\t\t\t\t\t<\/div>\n\t\t\t\t<\/div>\n\t\t\t\t\t<\/div>\n\t\t\t\t<\/div>\n\t\t\t\t<\/div>","protected":false},"excerpt":{"rendered":"<p>Hotel BranchesPlease select hotel branchMagic LakeMagic MomentsMagic Village* Please select branchCheck InNights123456789Check Out Timp liber? La noi, \u0219i acesta este magic! La Magic Holidays, relaxarea nu \u00eenseamn\u0103 c\u0103 te vei plictisi \u2013 dimpotriv\u0103! Aici, apropierea de natur\u0103, lini\u0219tea rural\u0103 sau posibilit\u0103\u021bile de recreere, culturale \u0219i de distrac\u021bie \u00ee\u021bi vor umple timpul cu adev\u0103rate experien\u021be. Dac\u0103&#8230; <\/p>\n<div class=\"clear\"><\/div>\n<p><a href=\"https:\/\/www.magicholidays.ro\/hu\/2013\/12\/03\/donec-luctus-imperdiet\/\" class=\"excerpt-read-more\">Continue Reading<i class=\"fa fa-long-arrow-right icon-long-arrow-right\"><\/i><\/a><\/p>","protected":false},"author":1,"featured_media":0,"parent":0,"menu_order":0,"comment_status":"closed","ping_status":"open","template":"elementor_header_footer","meta":{"footnotes":""},"class_list":["post-3720","page","type-page","status-publish","hentry"],"_links":{"self":[{"href":"https:\/\/www.magicholidays.ro\/hu\/wp-json\/wp\/v2\/pages\/3720","targetHints":{"allow":["GET"]}}],"collection":[{"href":"https:\/\/www.magicholidays.ro\/hu\/wp-json\/wp\/v2\/pages"}],"about":[{"href":"https:\/\/www.magicholidays.ro\/hu\/wp-json\/wp\/v2\/types\/page"}],"author":[{"embeddable":true,"href":"https:\/\/www.magicholidays.ro\/hu\/wp-json\/wp\/v2\/users\/1"}],"replies":[{"embeddable":true,"href":"https:\/\/\/www.magicholidays.ro\/hu\/wp-json\/wp\/v2\/comments?post=3720"}],"version-history":[{"count":10,"href":"https:\/\/www.magicholidays.ro\/hu\/wp-json\/wp\/v2\/pages\/3720\/revisions"}],"predecessor-version":[{"id":5019,"href":"https:\/\/www.magicholidays.ro\/hu\/wp-json\/wp\/v2\/pages\/3720\/revisions\/5019"}],"wp:attachment":[{"href":"https:\/\/\/www.magicholidays.ro\/hu\/wp-json\/wp\/v2\/media?parent=3720"}],"curies":[{"name":"wp","href":"https:\/\/api.w.org\/{rel}","templated":true}]}}